{"id":4155,"date":"2026-02-05T21:36:42","date_gmt":"2026-02-05T13:36:42","guid":{"rendered":"https:\/\/balichauffeur.com\/?page_id=4155"},"modified":"2026-02-21T10:48:39","modified_gmt":"2026-02-21T02:48:39","slug":"contactez-nous","status":"publish","type":"page","link":"https:\/\/balichauffeur.com\/fr\/contactez-nous\/","title":{"rendered":"Contactez-nous"},"content":{"rendered":"<div class=\"wpb-content-wrapper\"><p><style>@media (min-width: 992px) { .liquid-row-responsive-69dede4d53f1a {margin-top:120px !important;  }  }   <\/style><section data-bg-image=\"url\" class=\"vc_row wpb_row vc_row-fluid vc_custom_1767801911507 liquid-row-responsive-69dede4d53f1a liquid-row-shadowbox-69dede4d53f3a vc_row-has-fill vc_row-has-bg\"><div class=\"ld-container container\"><div class=\"row ld-row\"><style>@media (min-width: 992px) { .liquid-column-responsive-69dede4d546b3 > .vc_column-inner > .wpb_wrapper {padding-right:5% !important; padding-left:5% !important;  }  } <\/style><div class=\"wpb_column vc_column_container vc_col-sm-12 liquid-column-69dede4d546b0 liquid-column-responsive-69dede4d546b3\"><div class=\"vc_column-inner\"><div class=\"wpb_wrapper \"   ><div class=\"wpb_wrapper-inner\"><style>.ld_fancy_heading_69dede4d54832 .lqd-highlight-inner{height:0.275em;bottom:0px;}<\/style><div class=\"ld-fancy-heading text-center ld_fancy_heading_69dede4d54832\">\n\t<h1 class=\"lqd-highlight-underline lqd-highlight-grow-left\" ><span class=\"ld-fh-txt\"> <\/p>\n<h2>Contact Us<\/h2>\n<p><\/span><\/h1><\/div>\n\t<div class=\"wpb_text_column wpb_content_element\" >\n\t\t<div class=\"wpb_wrapper\">\n\t\t\t<p style=\"text-align: center;\"><strong>Contact Bali Chauffeur to arrange your private driver and guide in Bali or plan a custom tour.<\/strong><\/p>\n\n\t\t<\/div>\n\t<\/div>\n<\/div><\/div><\/div><\/div><\/div><\/div><\/section><style>@media (min-width: 992px) { .liquid-row-responsive-69dede4d550a0 {padding-top:75px !important; padding-right:0px !important; padding-bottom:75px !important; padding-left:0px !important;  }  }   <\/style><section class=\"vc_row wpb_row vc_row-fluid vc_custom_1771400882519 row-contains-padding-top row-contains-padding-bottom liquid-row-responsive-69dede4d550a0 liquid-row-shadowbox-69dede4d550bd\"><div class=\"ld-container container\"><div class=\"row ld-row\"><style>@media (min-width: 992px) { .liquid-column-responsive-69dede4d55528 > .vc_column-inner > .wpb_wrapper {margin-bottom:0px !important; padding-left:7% !important;  }  } <\/style><div class=\"wpb_column vc_column_container vc_col-sm-12 vc_col-md-6 liquid-column-69dede4d55527 liquid-column-responsive-69dede4d55528\"><div class=\"vc_column-inner\"><div class=\"wpb_wrapper vc_custom_1545125147802\"   ><div class=\"wpb_wrapper-inner\"><div class=\"vc_row wpb_row vc_inner vc_row-fluid liquid-row-shadowbox-69dede4d559ae\"><div class=\"wpb_column vc_column_container vc_col-sm-6 liquid-column-69dede4d56dc2\"><div class=\"vc_column-inner\"><div class=\"wpb_wrapper \"  ><div class=\"wpb_wrapper-inner\"><style>.ld_fancy_heading_69dede4d56f1e .lqd-highlight-inner{height:0.275em;bottom:0px;}<\/style><div class=\"ld-fancy-heading ld_fancy_heading_69dede4d56f1e\">\n\t<h3 class=\"lqd-highlight-underline lqd-highlight-grow-left\" ><span class=\"ld-fh-txt\"> Address<\/span><\/h3><\/div>\n\t<div class=\"wpb_text_column wpb_content_element vc_custom_1771642035224\" >\n\t\t<div class=\"wpb_wrapper\">\n\t\t\t<p>Jl. Soka 6 blok A2 Kesiman Denpasar, Sanur<br \/>\nDenpasar, Bali 80237 Indonesia<\/p>\n<p>You can explore our <a href=\"https:\/\/balichauffeur.com\/tour-ideas\/\">tour ideas<\/a> before contacting us.<\/p>\n\n\t\t<\/div>\n\t<\/div>\n<\/div><\/div><\/div><\/div><div class=\"wpb_column vc_column_container vc_col-sm-6 liquid-column-69dede4d5750c\"><div class=\"vc_column-inner\"><div class=\"wpb_wrapper \"  ><div class=\"wpb_wrapper-inner\"><style>.ld_fancy_heading_69dede4d57644 .lqd-highlight-inner{height:0.275em;bottom:0px;}<\/style><div class=\"ld-fancy-heading ld_fancy_heading_69dede4d57644\">\n\t<h3 class=\"lqd-highlight-underline lqd-highlight-grow-left\" ><span class=\"ld-fh-txt\"> Contact Us<\/span><\/h3><\/div>\n\t<div class=\"wpb_text_column wpb_content_element vc_custom_1770780248877\" >\n\t\t<div class=\"wpb_wrapper\">\n\t\t\t<p><a href=\"tel:+62817563831\">+62817563831<\/a><br \/>\n<a href=\"mailto:info@balichauffeur.com\">info@balichauffeur.com<\/a><\/p>\n\n\t\t<\/div>\n\t<\/div>\n<\/div><\/div><\/div><\/div><\/div>\n\t<div class=\"wpb_raw_code wpb_raw_html wpb_content_element\" >\n\t\t<div class=\"wpb_wrapper\">\n\t\t\t<iframe src=\"https:\/\/www.google.com\/maps\/embed?pb=!1m18!1m12!1m3!1d7888.919063542114!2d115.24502064159773!3d-8.647769365596343!2m3!1f0!2f0!3f0!3m2!1i1024!2i768!4f13.1!3m3!1m2!1s0x2dd24077d91c6af7%3A0xc2b1cae65bf576c!2sBali%20Chauffeur!5e0!3m2!1sid!2sid!4v1770298340605!5m2!1sid!2sid\" width=\"100%\" height=\"650\" style=\"border:0;\" allowfullscreen=\"\" loading=\"lazy\" referrerpolicy=\"no-referrer-when-downgrade\"><\/iframe>\n\t\t<\/div>\n\t<\/div>\n<\/div><\/div><\/div><\/div><div class=\"wpb_column vc_column_container vc_col-sm-12 vc_col-md-offset-1 vc_col-md-5 liquid-column-69dede4d57eb8 vc_col-has-fill\"><div class=\"vc_column-inner\"><div class=\"wpb_wrapper vc_custom_1770299115860\"   ><div class=\"wpb_wrapper-inner\"><style>.ld_fancy_heading_69dede4d57ffd h2{font-weight:300;color:rgb(26, 28, 38);}.ld_fancy_heading_69dede4d57ffd h2 {margin-bottom:10px !important;  } .ld_fancy_heading_69dede4d57ffd .lqd-highlight-inner{height:0.275em;bottom:0px;}.ld_fancy_heading_69dede4d57ffd h2 {margin-bottom:10px !important;  } <\/style><div class=\"ld-fancy-heading ld_fancy_heading_69dede4d57ffd\">\n\t<h2 class=\"lqd-highlight-underline lqd-highlight-grow-left h3\" ><span class=\"ld-fh-txt\"> Send a message<\/span><\/h2><\/div><style>.ld_spacer_69dede4d58143{height:10px;}<\/style>\n<div class=\"ld-empty-space ld_spacer_69dede4d58143\"><span class=\"liquid_empty_space_inner\"><\/span><\/div>\n\t<div class=\"wpb_text_column wpb_content_element\" >\n\t\t<div class=\"wpb_wrapper\">\n\t\t\t<p>Feel free to reach us if you need any assistance.<\/p>\n\n\t\t<\/div>\n\t<\/div>\n<style id=\"wpforms-css-vars-4160\">\n\t\t\t\t#wpforms-4160 {\n\t\t\t\t--wpforms-container-padding: 0px;\n--wpforms-container-border-width: 1px;\n--wpforms-container-border-radius: 3px;\n--wpforms-background-color: rgba(0, 0, 0, 0);\n--wpforms-field-size-input-height: 43px;\n--wpforms-field-size-input-spacing: 15px;\n--wpforms-field-size-font-size: 16px;\n--wpforms-field-size-line-height: 19px;\n--wpforms-field-size-padding-h: 14px;\n--wpforms-field-size-checkbox-size: 16px;\n--wpforms-field-size-sublabel-spacing: 5px;\n--wpforms-field-size-icon-size: 1;\n--wpforms-label-size-font-size: 16px;\n--wpforms-label-size-line-height: 19px;\n--wpforms-label-size-sublabel-font-size: 14px;\n--wpforms-label-size-sublabel-line-height: 17px;\n--wpforms-button-size-font-size: 17px;\n--wpforms-button-size-height: 41px;\n--wpforms-button-size-padding-h: 15px;\n--wpforms-button-size-margin-top: 10px;\n--wpforms-container-shadow-size-box-shadow: none;\n\t\t\t}\n\t\t\t<\/style><div class=\"wpforms-container wpforms-container-full wpforms-render-modern\" id=\"wpforms-4160\"><form id=\"wpforms-form-4160\" class=\"wpforms-validate wpforms-form wpforms-ajax-form\" data-formid=\"4160\" method=\"post\" enctype=\"multipart\/form-data\" action=\"\/fr\/wp-json\/wp\/v2\/pages\/4155\" data-token=\"1b7089f54cdb8fa2a72d807c1fb5985b\" data-token-time=\"1776213581\"><noscript class=\"wpforms-error-noscript\">Veuillez activer JavaScript dans votre navigateur pour remplir ce formulaire.<\/noscript><div id=\"wpforms-error-noscript\" style=\"display: none;\">Veuillez activer JavaScript dans votre navigateur pour remplir ce formulaire.<\/div><div class=\"wpforms-field-container\">\t\t<div id=\"wpforms-4160-field_4-container\"\n\t\t\tclass=\"wpforms-field wpforms-field-text\"\n\t\t\tdata-field-type=\"text\"\n\t\t\tdata-field-id=\"4\"\n\t\t\t>\n\t\t\t<label class=\"wpforms-field-label\" for=\"wpforms-4160-field_4\" >Message Email Name<\/label>\n\t\t\t<input type=\"text\" id=\"wpforms-4160-field_4\" class=\"wpforms-field-medium\" name=\"wpforms[fields][4]\" >\n\t\t<\/div>\n\t\t<div id=\"wpforms-4160-field_1-container\" class=\"wpforms-field wpforms-field-name\" data-field-id=\"1\"><fieldset><legend class=\"wpforms-field-label\">Name <span class=\"wpforms-required-label\" aria-hidden=\"true\">*<\/span><\/legend><div class=\"wpforms-field-row wpforms-field-large\"><div class=\"wpforms-field-row-block wpforms-first wpforms-one-half\"><input type=\"text\" id=\"wpforms-4160-field_1\" class=\"wpforms-field-name-first wpforms-field-required\" name=\"wpforms[fields][1][first]\" placeholder=\"First\" aria-errormessage=\"wpforms-4160-field_1-error\" required><label for=\"wpforms-4160-field_1\" class=\"wpforms-field-sublabel after wpforms-sublabel-hide\">Pr\u00e9nom<\/label><\/div><div class=\"wpforms-field-row-block wpforms-one-half\"><input type=\"text\" id=\"wpforms-4160-field_1-last\" class=\"wpforms-field-name-last wpforms-field-required\" name=\"wpforms[fields][1][last]\" placeholder=\"Last\" aria-errormessage=\"wpforms-4160-field_1-last-error\" required><label for=\"wpforms-4160-field_1-last\" class=\"wpforms-field-sublabel after wpforms-sublabel-hide\">Nom<\/label><\/div><\/div><\/fieldset><\/div><div id=\"wpforms-4160-field_2-container\" class=\"wpforms-field wpforms-field-email\" data-field-id=\"2\"><label class=\"wpforms-field-label\" for=\"wpforms-4160-field_2\">Email <span class=\"wpforms-required-label\" aria-hidden=\"true\">*<\/span><\/label><input type=\"email\" id=\"wpforms-4160-field_2\" class=\"wpforms-field-large wpforms-field-required\" name=\"wpforms[fields][2]\" spellcheck=\"false\" aria-errormessage=\"wpforms-4160-field_2-error\" required><\/div><div id=\"wpforms-4160-field_3-container\" class=\"wpforms-field wpforms-field-textarea\" data-field-id=\"3\"><label class=\"wpforms-field-label\" for=\"wpforms-4160-field_3\">Message<\/label><textarea id=\"wpforms-4160-field_3\" class=\"wpforms-field-medium\" name=\"wpforms[fields][3]\" aria-errormessage=\"wpforms-4160-field_3-error\" ><\/textarea><\/div><script>\n\t\t\t\t( function() {\n\t\t\t\t\tconst style = document.createElement( 'style' );\n\t\t\t\t\tstyle.appendChild( document.createTextNode( '#wpforms-4160-field_4-container { position: absolute !important; overflow: hidden !important; display: inline !important; height: 1px !important; width: 1px !important; z-index: -1000 !important; padding: 0 !important; } #wpforms-4160-field_4-container input { visibility: hidden; } #wpforms-conversational-form-page #wpforms-4160-field_4-container label { counter-increment: none; }' ) );\n\t\t\t\t\tdocument.head.appendChild( style );\n\t\t\t\t\tdocument.currentScript?.remove();\n\t\t\t\t} )();\n\t\t\t<\/script><\/div><!-- .wpforms-field-container --><div class=\"wpforms-recaptcha-container wpforms-is-recaptcha wpforms-is-recaptcha-type-v2\" ><div class=\"g-recaptcha\" data-sitekey=\"6LdKmWEsAAAAAMm5LuIMIk_nDcX67Ct6RIIbD0K8\"><\/div><input type=\"text\" name=\"g-recaptcha-hidden\" class=\"wpforms-recaptcha-hidden\" style=\"position:absolute!important;clip:rect(0,0,0,0)!important;height:1px!important;width:1px!important;border:0!important;overflow:hidden!important;padding:0!important;margin:0!important;\" data-rule-recaptcha=\"1\"><\/div><div class=\"wpforms-submit-container\" ><input type=\"hidden\" name=\"wpforms[id]\" value=\"4160\"><input type=\"hidden\" name=\"page_title\" value=\"\"><input type=\"hidden\" name=\"page_url\" value=\"https:\/\/balichauffeur.com\/fr\/wp-json\/wp\/v2\/pages\/4155\"><input type=\"hidden\" name=\"url_referer\" value=\"\"><button type=\"submit\" name=\"wpforms[submit]\" id=\"wpforms-submit-4160\" class=\"wpforms-submit\" data-alt-text=\"Sending...\" data-submit-text=\"Send Message\" aria-live=\"assertive\" value=\"wpforms-submit\">Send Message<\/button><img loading=\"lazy\" decoding=\"async\" src=\"https:\/\/balichauffeur.com\/wp-content\/plugins\/wpforms-lite\/assets\/images\/submit-spin.svg\" class=\"wpforms-submit-spinner\" style=\"display: none;\" width=\"26\" height=\"26\" alt=\"Chargement en cours\"><\/div><\/form><\/div>  <!-- .wpforms-container --><\/div><\/div><\/div><\/div><\/div><\/div><\/section>\n<\/div>","protected":false},"excerpt":{"rendered":"Contact Us Contact Bali Chauffeur to arrange your private driver and guide in Bali or...","protected":false},"author":1,"featured_media":0,"parent":0,"menu_order":0,"comment_status":"closed","ping_status":"closed","template":"","meta":{"footnotes":""},"class_list":["post-4155","page","type-page","status-publish","hentry"],"yoast_head":"<!-- This site is optimized with the Yoast SEO Premium plugin v27.0 (Yoast SEO v27.0) - https:\/\/yoast.com\/product\/yoast-seo-premium-wordpress\/ -->\n<title>Contact Us - Contact Bali Chauffeur | Private Driver in Bali<\/title>\n<meta name=\"description\" content=\"Contact Bali Chauffeur to book a private driver and guide in Bali or request a custom tour tailored to your needs.\" \/>\n<meta name=\"robots\" content=\"index, follow, max-snippet:-1, max-image-preview:large, max-video-preview:-1\" \/>\n<link rel=\"canonical\" href=\"https:\/\/balichauffeur.com\/fr\/contactez-nous\/\" \/>\n<meta property=\"og:locale\" content=\"fr_FR\" \/>\n<meta property=\"og:type\" content=\"article\" \/>\n<meta property=\"og:title\" content=\"Contact Us\" \/>\n<meta property=\"og:description\" content=\"Contact Bali Chauffeur to book a private driver and guide in Bali or request a custom tour tailored to your needs.\" \/>\n<meta property=\"og:url\" content=\"https:\/\/balichauffeur.com\/fr\/contactez-nous\/\" \/>\n<meta property=\"og:site_name\" content=\"Bali Chauffeur | Private Driver &amp; Local Guide in Bali\" \/>\n<meta property=\"article:publisher\" content=\"https:\/\/www.facebook.com\/Chauffeurbali\" \/>\n<meta property=\"article:modified_time\" content=\"2026-02-21T02:48:39+00:00\" \/>\n<meta property=\"og:image\" content=\"https:\/\/balichauffeur.com\/wp-content\/uploads\/2026\/01\/main.webp\" \/>\n\t<meta property=\"og:image:width\" content=\"1920\" \/>\n\t<meta property=\"og:image:height\" content=\"1280\" \/>\n\t<meta property=\"og:image:type\" content=\"image\/webp\" \/>\n<meta name=\"twitter:card\" content=\"summary_large_image\" \/>\n<meta name=\"twitter:label1\" content=\"Dur\u00e9e de lecture estim\u00e9e\" \/>\n\t<meta name=\"twitter:data1\" content=\"1 minute\" \/>\n<script type=\"application\/ld+json\" class=\"yoast-schema-graph\">{\"@context\":\"https:\/\/schema.org\",\"@graph\":[{\"@type\":\"WebPage\",\"@id\":\"https:\/\/balichauffeur.com\/contact-us\/\",\"url\":\"https:\/\/balichauffeur.com\/contact-us\/\",\"name\":\"Contact Us - Contact Bali Chauffeur | Private Driver in Bali\",\"isPartOf\":{\"@id\":\"https:\/\/balichauffeur.com\/#website\"},\"datePublished\":\"2026-02-05T13:36:42+00:00\",\"dateModified\":\"2026-02-21T02:48:39+00:00\",\"description\":\"Contact Bali Chauffeur to book a private driver and guide in Bali or request a custom tour tailored to your needs.\",\"breadcrumb\":{\"@id\":\"https:\/\/balichauffeur.com\/contact-us\/#breadcrumb\"},\"inLanguage\":\"fr-FR\",\"potentialAction\":[{\"@type\":\"ReadAction\",\"target\":[\"https:\/\/balichauffeur.com\/contact-us\/\"]}]},{\"@type\":\"BreadcrumbList\",\"@id\":\"https:\/\/balichauffeur.com\/contact-us\/#breadcrumb\",\"itemListElement\":[{\"@type\":\"ListItem\",\"position\":1,\"name\":\"Home\",\"item\":\"https:\/\/balichauffeur.com\/\"},{\"@type\":\"ListItem\",\"position\":2,\"name\":\"Contact Us\"}]},{\"@type\":\"WebSite\",\"@id\":\"https:\/\/balichauffeur.com\/#website\",\"url\":\"https:\/\/balichauffeur.com\/\",\"name\":\"Bali Chauffeur | Private Driver & Local Guide in Bali\",\"description\":\"Private Driver &amp; Guide Services in Bali\",\"publisher\":{\"@id\":\"https:\/\/balichauffeur.com\/#organization\"},\"alternateName\":\"Bali Chauffeur\",\"potentialAction\":[{\"@type\":\"SearchAction\",\"target\":{\"@type\":\"EntryPoint\",\"urlTemplate\":\"https:\/\/balichauffeur.com\/?s={search_term_string}\"},\"query-input\":{\"@type\":\"PropertyValueSpecification\",\"valueRequired\":true,\"valueName\":\"search_term_string\"}}],\"inLanguage\":\"fr-FR\"},{\"@type\":\"Organization\",\"@id\":\"https:\/\/balichauffeur.com\/#organization\",\"name\":\"Bali Chauffeur | Private Driver & Local Guide in Bali\",\"url\":\"https:\/\/balichauffeur.com\/\",\"logo\":{\"@type\":\"ImageObject\",\"inLanguage\":\"fr-FR\",\"@id\":\"https:\/\/balichauffeur.com\/#\/schema\/logo\/image\/\",\"url\":\"https:\/\/balichauffeur.com\/wp-content\/uploads\/2026\/01\/balichauffeur-dark-x2.png\",\"contentUrl\":\"https:\/\/balichauffeur.com\/wp-content\/uploads\/2026\/01\/balichauffeur-dark-x2.png\",\"width\":120,\"height\":120,\"caption\":\"Bali Chauffeur | Private Driver & Local Guide in Bali\"},\"image\":{\"@id\":\"https:\/\/balichauffeur.com\/#\/schema\/logo\/image\/\"},\"sameAs\":[\"https:\/\/www.facebook.com\/Chauffeurbali\",\"https:\/\/www.instagram.com\/chauffeurbali\/\"],\"publishingPrinciples\":\"https:\/\/balichauffeur.com\/\",\"ownershipFundingInfo\":\"https:\/\/balichauffeur.com\/contact-us\/\",\"actionableFeedbackPolicy\":\"https:\/\/balichauffeur.com\/contact-us\/\"}]}<\/script>\n<!-- \/ Yoast SEO Premium plugin. -->","yoast_head_json":{"title":"Contact Bali Chauffeur | Chauffeur priv\u00e9 \u00e0 Bali","description":"Contactez Bali Chauffeur pour r\u00e9server un chauffeur et guide priv\u00e9 \u00e0 Bali ou organiser un circuit sur mesure.","robots":{"index":"index","follow":"follow","max-snippet":"max-snippet:-1","max-image-preview":"max-image-preview:large","max-video-preview":"max-video-preview:-1"},"canonical":"https:\/\/balichauffeur.com\/fr\/contactez-nous\/","og_locale":"fr_FR","og_type":"article","og_title":"Contact Us","og_description":"Contact Bali Chauffeur to book a private driver and guide in Bali or request a custom tour tailored to your needs.","og_url":"https:\/\/balichauffeur.com\/fr\/contactez-nous\/","og_site_name":"Bali Chauffeur | Private Driver &amp; Local Guide in Bali","article_publisher":"https:\/\/www.facebook.com\/Chauffeurbali","article_modified_time":"2026-02-21T02:48:39+00:00","og_image":[{"width":1920,"height":1280,"url":"https:\/\/balichauffeur.com\/wp-content\/uploads\/2026\/01\/main.webp","type":"image\/webp"}],"twitter_card":"summary_large_image","twitter_misc":{"Dur\u00e9e de lecture estim\u00e9e":"1 minute"},"schema":{"@context":"https:\/\/schema.org","@graph":[{"@type":"WebPage","@id":"https:\/\/balichauffeur.com\/contact-us\/","url":"https:\/\/balichauffeur.com\/contact-us\/","name":"Contact Bali Chauffeur | Chauffeur priv\u00e9 \u00e0 Bali","isPartOf":{"@id":"https:\/\/balichauffeur.com\/#website"},"datePublished":"2026-02-05T13:36:42+00:00","dateModified":"2026-02-21T02:48:39+00:00","description":"Contactez Bali Chauffeur pour r\u00e9server un chauffeur et guide priv\u00e9 \u00e0 Bali ou organiser un circuit sur mesure.","breadcrumb":{"@id":"https:\/\/balichauffeur.com\/contact-us\/#breadcrumb"},"inLanguage":"fr-FR","potentialAction":[{"@type":"ReadAction","target":["https:\/\/balichauffeur.com\/contact-us\/"]}]},{"@type":"BreadcrumbList","@id":"https:\/\/balichauffeur.com\/contact-us\/#breadcrumb","itemListElement":[{"@type":"ListItem","position":1,"name":"Home","item":"https:\/\/balichauffeur.com\/"},{"@type":"ListItem","position":2,"name":"Contact Us"}]},{"@type":"WebSite","@id":"https:\/\/balichauffeur.com\/#website","url":"https:\/\/balichauffeur.com\/","name":"Bali Chauffeur | Chauffeur &amp; Guide francophone priv\u00e9 \u00e0 Bali","description":"Chauffeur &amp; Guide francophone priv\u00e9 | Circuits sur mesure \u00e0 Bali","publisher":{"@id":"https:\/\/balichauffeur.com\/#organization"},"alternateName":"Bali Chauffeur","potentialAction":[{"@type":"SearchAction","target":{"@type":"EntryPoint","urlTemplate":"https:\/\/balichauffeur.com\/?s={search_term_string}"},"query-input":{"@type":"PropertyValueSpecification","valueRequired":true,"valueName":"search_term_string"}}],"inLanguage":"fr-FR"},{"@type":"Organization","@id":"https:\/\/balichauffeur.com\/#organization","name":"Bali Chauffeur | Chauffeur &amp; Guide francophone priv\u00e9 \u00e0 Bali","url":"https:\/\/balichauffeur.com\/","logo":{"@type":"ImageObject","inLanguage":"fr-FR","@id":"https:\/\/balichauffeur.com\/#\/schema\/logo\/image\/","url":"https:\/\/balichauffeur.com\/wp-content\/uploads\/2026\/01\/balichauffeur-dark-x2.png","contentUrl":"https:\/\/balichauffeur.com\/wp-content\/uploads\/2026\/01\/balichauffeur-dark-x2.png","width":120,"height":120,"caption":"Bali Chauffeur | Private Driver & Local Guide in Bali"},"image":{"@id":"https:\/\/balichauffeur.com\/#\/schema\/logo\/image\/"},"sameAs":["https:\/\/www.facebook.com\/Chauffeurbali","https:\/\/www.instagram.com\/chauffeurbali\/"],"publishingPrinciples":"https:\/\/balichauffeur.com\/","ownershipFundingInfo":"https:\/\/balichauffeur.com\/contact-us\/","actionableFeedbackPolicy":"https:\/\/balichauffeur.com\/contact-us\/"}]}},"_links":{"self":[{"href":"https:\/\/balichauffeur.com\/fr\/wp-json\/wp\/v2\/pages\/4155","targetHints":{"allow":["GET"]}}],"collection":[{"href":"https:\/\/balichauffeur.com\/fr\/wp-json\/wp\/v2\/pages"}],"about":[{"href":"https:\/\/balichauffeur.com\/fr\/wp-json\/wp\/v2\/types\/page"}],"author":[{"embeddable":true,"href":"https:\/\/balichauffeur.com\/fr\/wp-json\/wp\/v2\/users\/1"}],"replies":[{"embeddable":true,"href":"https:\/\/balichauffeur.com\/fr\/wp-json\/wp\/v2\/comments?post=4155"}],"version-history":[{"count":17,"href":"https:\/\/balichauffeur.com\/fr\/wp-json\/wp\/v2\/pages\/4155\/revisions"}],"predecessor-version":[{"id":4298,"href":"https:\/\/balichauffeur.com\/fr\/wp-json\/wp\/v2\/pages\/4155\/revisions\/4298"}],"wp:attachment":[{"href":"https:\/\/balichauffeur.com\/fr\/wp-json\/wp\/v2\/media?parent=4155"}],"curies":[{"name":"wp","href":"https:\/\/api.w.org\/{rel}","templated":true}]}}